{"id":6,"date":"2015-02-17T12:57:18","date_gmt":"2015-02-17T17:57:18","guid":{"rendered":"http:\/\/xml-io.proteusthemes.com\/mentalpress\/?page_id=6"},"modified":"2025-10-30T16:25:52","modified_gmt":"2025-10-30T20:25:52","slug":"home","status":"publish","type":"page","link":"https:\/\/www.entre2verites.com\/marc_sylvain\/","title":{"rendered":"Accueil"},"content":{"rendered":"<div id=\"pl-gb6-69e36d020f260\"  class=\"panel-layout\" ><div id=\"pg-gb6-69e36d020f260-0\"  class=\"panel-grid panel-no-style\" ><div id=\"pgc-gb6-69e36d020f260-0-0\"  class=\"panel-grid-cell\" ><div id=\"panel-gb6-69e36d020f260-0-0-0\" class=\"so-panel widget widget_text panel-first-child panel-last-child\" data-index=\"0\" ><h3 class=\"widget-title\">Du nouveau !<\/h3>\t\t\t<div class=\"textwidget\"><p>Th\u00e9rapie R\u00e9aliste avec Marc et Sylvain devient Entre 2 V\u00e9rit\u00e9s !<\/p>\n<p>Soyez \u00e0 l&rsquo;\u00e9coute pour les nouveaut\u00e9s et retrouvez nous bient\u00f4t sur Instagram, Youtube, Facebook et Patreon !<\/p>\n<\/div>\n\t\t<\/div><\/div><\/div><\/div>","protected":false},"excerpt":{"rendered":"<p>Th\u00e9rapie R\u00e9aliste avec Marc et Sylvain devient Entre 2 V\u00e9rit\u00e9s ! Soyez \u00e0 l&rsquo;\u00e9coute pour les nouveaut\u00e9s et retrouvez nous&hellip;<\/p>\n","protected":false},"author":1,"featured_media":0,"parent":0,"menu_order":0,"comment_status":"closed","ping_status":"closed","template":"","meta":{"footnotes":""},"class_list":["post-6","page","type-page","status-publish","hentry"],"_links":{"self":[{"href":"https:\/\/www.entre2verites.com\/marc_sylvain\/wp-json\/wp\/v2\/pages\/6","targetHints":{"allow":["GET"]}}],"collection":[{"href":"https:\/\/www.entre2verites.com\/marc_sylvain\/wp-json\/wp\/v2\/pages"}],"about":[{"href":"https:\/\/www.entre2verites.com\/marc_sylvain\/wp-json\/wp\/v2\/types\/page"}],"author":[{"embeddable":true,"href":"https:\/\/www.entre2verites.com\/marc_sylvain\/wp-json\/wp\/v2\/users\/1"}],"replies":[{"embeddable":true,"href":"https:\/\/www.entre2verites.com\/marc_sylvain\/wp-json\/wp\/v2\/comments?post=6"}],"version-history":[{"count":158,"href":"https:\/\/www.entre2verites.com\/marc_sylvain\/wp-json\/wp\/v2\/pages\/6\/revisions"}],"predecessor-version":[{"id":1293,"href":"https:\/\/www.entre2verites.com\/marc_sylvain\/wp-json\/wp\/v2\/pages\/6\/revisions\/1293"}],"wp:attachment":[{"href":"https:\/\/www.entre2verites.com\/marc_sylvain\/wp-json\/wp\/v2\/media?parent=6"}],"curies":[{"name":"wp","href":"https:\/\/api.w.org\/{rel}","templated":true}]}}