{"id":314,"date":"2017-03-03T12:41:03","date_gmt":"2017-03-03T17:41:03","guid":{"rendered":"http:\/\/www.therapierealiste.com\/tr_2\/?page_id=314"},"modified":"2017-04-19T16:39:03","modified_gmt":"2017-04-19T20:39:03","slug":"ateliers","status":"publish","type":"page","link":"https:\/\/www.entre2verites.com\/marc_sylvain\/ateliers\/","title":{"rendered":"Ateliers"},"content":{"rendered":"<div id=\"pl-314\"  class=\"panel-layout\" ><div id=\"pg-314-0\"  class=\"panel-grid panel-no-style\" ><div id=\"pgc-314-0-0\"  class=\"panel-grid-cell\" ><div id=\"panel-314-0-0-0\" class=\"so-panel widget widget_sow-editor panel-first-child\" data-index=\"0\" ><div\n\t\t\t\n\t\t\tclass=\"so-widget-sow-editor so-widget-sow-editor-base\"\n\t\t\t\n\t\t>\n<div class=\"siteorigin-widget-tinymce textwidget\">\n\t<h3 style=\"text-align: center;\">Revenez bient\u00f4t.<\/h3>\n<h3 style=\"text-align: center;\">Le calendrier des futurs ateliers sera affich\u00e9 ici.<\/h3>\n<\/div>\n<\/div><\/div><div id=\"panel-314-0-0-1\" class=\"so-panel widget widget_sow-editor panel-last-child\" data-index=\"1\" ><div\n\t\t\t\n\t\t\tclass=\"so-widget-sow-editor so-widget-sow-editor-base\"\n\t\t\t\n\t\t>\n<div class=\"siteorigin-widget-tinymce textwidget\">\n\t<p style=\"text-align: center;\">Abonnez-vous \u00e0 notre Newsletter pour recevoir les dates et lieux de nos prochains ateliers!<\/p>\n<\/div>\n<\/div><\/div><\/div><\/div><\/div>","protected":false},"excerpt":{"rendered":"<p>Revenez bient\u00f4t.Le calendrier des futurs ateliers sera affich\u00e9 ici. Abonnez-vous \u00e0 notre Newsletter pour recevoir les dates et lieux de&hellip;<\/p>\n","protected":false},"author":1,"featured_media":0,"parent":0,"menu_order":0,"comment_status":"closed","ping_status":"closed","template":"","meta":{"footnotes":""},"class_list":["post-314","page","type-page","status-publish","hentry"],"_links":{"self":[{"href":"https:\/\/www.entre2verites.com\/marc_sylvain\/wp-json\/wp\/v2\/pages\/314","targetHints":{"allow":["GET"]}}],"collection":[{"href":"https:\/\/www.entre2verites.com\/marc_sylvain\/wp-json\/wp\/v2\/pages"}],"about":[{"href":"https:\/\/www.entre2verites.com\/marc_sylvain\/wp-json\/wp\/v2\/types\/page"}],"author":[{"embeddable":true,"href":"https:\/\/www.entre2verites.com\/marc_sylvain\/wp-json\/wp\/v2\/users\/1"}],"replies":[{"embeddable":true,"href":"https:\/\/www.entre2verites.com\/marc_sylvain\/wp-json\/wp\/v2\/comments?post=314"}],"version-history":[{"count":3,"href":"https:\/\/www.entre2verites.com\/marc_sylvain\/wp-json\/wp\/v2\/pages\/314\/revisions"}],"predecessor-version":[{"id":977,"href":"https:\/\/www.entre2verites.com\/marc_sylvain\/wp-json\/wp\/v2\/pages\/314\/revisions\/977"}],"wp:attachment":[{"href":"https:\/\/www.entre2verites.com\/marc_sylvain\/wp-json\/wp\/v2\/media?parent=314"}],"curies":[{"name":"wp","href":"https:\/\/api.w.org\/{rel}","templated":true}]}}