{"id":313,"date":"2017-03-03T12:41:03","date_gmt":"2017-03-03T17:41:03","guid":{"rendered":"http:\/\/www.therapierealiste.com\/tr_2\/?page_id=313"},"modified":"2017-04-19T13:14:39","modified_gmt":"2017-04-19T17:14:39","slug":"conferences","status":"publish","type":"page","link":"https:\/\/www.entre2verites.com\/marc_sylvain\/conferences\/","title":{"rendered":"Conf\u00e9rences"},"content":{"rendered":"<div id=\"pl-313\"  class=\"panel-layout\" ><div id=\"pg-313-0\"  class=\"panel-grid panel-no-style\" ><div id=\"pgc-313-0-0\"  class=\"panel-grid-cell\" ><div id=\"panel-313-0-0-0\" class=\"so-panel widget widget_sow-editor panel-first-child\" data-index=\"0\" ><div\n\t\t\t\n\t\t\tclass=\"so-widget-sow-editor so-widget-sow-editor-base\"\n\t\t\t\n\t\t>\n<div class=\"siteorigin-widget-tinymce textwidget\">\n\t<h3 style=\"text-align: center;\">Revenez bient\u00f4t.<\/h3>\n<h3 style=\"text-align: center;\">Le calendrier des conf\u00e9rences futures sera affich\u00e9 ici.<\/h3>\n<\/div>\n<\/div><\/div><div id=\"panel-313-0-0-1\" class=\"so-panel widget widget_sow-editor panel-last-child\" data-index=\"1\" ><div\n\t\t\t\n\t\t\tclass=\"so-widget-sow-editor so-widget-sow-editor-base\"\n\t\t\t\n\t\t>\n<div class=\"siteorigin-widget-tinymce textwidget\">\n\t<p style=\"text-align: center;\">Abonnez-vous \u00e0 notre Newsletter pour recevoir les dates et lieux de nos prochaines conf\u00e9rences!<\/p>\n<\/div>\n<\/div><\/div><\/div><\/div><\/div>","protected":false},"excerpt":{"rendered":"<p>Revenez bient\u00f4t.Le calendrier des conf\u00e9rences futures sera affich\u00e9 ici. Abonnez-vous \u00e0 notre Newsletter pour recevoir les dates et lieux de&hellip;<\/p>\n","protected":false},"author":1,"featured_media":0,"parent":0,"menu_order":0,"comment_status":"closed","ping_status":"closed","template":"","meta":{"footnotes":""},"class_list":["post-313","page","type-page","status-publish","hentry"],"_links":{"self":[{"href":"https:\/\/www.entre2verites.com\/marc_sylvain\/wp-json\/wp\/v2\/pages\/313","targetHints":{"allow":["GET"]}}],"collection":[{"href":"https:\/\/www.entre2verites.com\/marc_sylvain\/wp-json\/wp\/v2\/pages"}],"about":[{"href":"https:\/\/www.entre2verites.com\/marc_sylvain\/wp-json\/wp\/v2\/types\/page"}],"author":[{"embeddable":true,"href":"https:\/\/www.entre2verites.com\/marc_sylvain\/wp-json\/wp\/v2\/users\/1"}],"replies":[{"embeddable":true,"href":"https:\/\/www.entre2verites.com\/marc_sylvain\/wp-json\/wp\/v2\/comments?post=313"}],"version-history":[{"count":6,"href":"https:\/\/www.entre2verites.com\/marc_sylvain\/wp-json\/wp\/v2\/pages\/313\/revisions"}],"predecessor-version":[{"id":966,"href":"https:\/\/www.entre2verites.com\/marc_sylvain\/wp-json\/wp\/v2\/pages\/313\/revisions\/966"}],"wp:attachment":[{"href":"https:\/\/www.entre2verites.com\/marc_sylvain\/wp-json\/wp\/v2\/media?parent=313"}],"curies":[{"name":"wp","href":"https:\/\/api.w.org\/{rel}","templated":true}]}}